{"id":2,"date":"2021-07-08T10:18:59","date_gmt":"2021-07-08T10:18:59","guid":{"rendered":"https:\/\/techsgizmo.com\/pt\/?page_id=2"},"modified":"2021-07-10T10:27:18","modified_gmt":"2021-07-10T10:27:18","slug":"privacidade","status":"publish","type":"page","link":"https:\/\/techsgizmo.com\/pt\/privacidade","title":{"rendered":"Privacidade"},"content":{"rendered":"\r\n<p style=\"text-align: justify;\"><strong>POL\u00cdTICA DE PRIVACIDADE :<\/strong><\/p>\r\n<p style=\"text-align: justify;\">Sua privacidade \u00e9 respeitada, todas as informa\u00e7\u00f5es coletadas neste site ser\u00e3o mantidas estritamente confidenciais e n\u00e3o ser\u00e3o vendidas, reutilizadas, alugadas, emprestadas ou divulgadas de outra forma sem o seu consentimento. Qualquer informa\u00e7\u00e3o que voc\u00ea fornecer ao Techsgizmo.com ser\u00e1 realizada com o m\u00e1ximo cuidado. Uma explica\u00e7\u00e3o de como suas informa\u00e7\u00f5es pessoais s\u00e3o protegidas \u00e9 descrita abaixo.<\/p>\r\n<p style=\"text-align: justify;\"><strong>EM GERAL:<\/strong><\/p>\r\n<p style=\"text-align: justify;\">Podemos alterar os termos que regem o uso do site periodicamente. O uso deste site ap\u00f3s tal modifica\u00e7\u00e3o constitui sua concord\u00e2ncia em seguir e ser regido pelos termos, conforme alterados. Podemos modificar, mover ou excluir periodicamente partes ou adicionar ao contrato.<\/p>\r\n<p style=\"text-align: justify;\"><strong>REVENDA OU RELAT\u00d3RIO DE INFORMA\u00c7\u00d5ES A TERCEIROS:<\/strong><\/p>\r\n<p style=\"text-align: justify;\">Techsgizmo.com n\u00e3o vai vender, emprestar, trocar ou alugar qualquer informa\u00e7\u00e3o pessoal coletada neste site, incluindo listas de e-mail, detalhes de pagamento ou outra documenta\u00e7\u00e3o.<\/p>\r\n<p style=\"text-align: justify;\"><strong>INFORMA\u00c7\u00d5ES DO NAVEGADOR COLETADAS NO WEB SITE:<\/strong><\/p>\r\n<p style=\"text-align: justify;\">O site do jornal \u00e9 analisado para aprimorar as informa\u00e7\u00f5es e o conte\u00fado disponibilizado no site. O seu tempo lendo este site com aten\u00e7\u00e3o n\u00e3o \u00e9 identific\u00e1vel por meio de nenhum registro do site, nenhuma tentativa ser\u00e1 feita para vincul\u00e1-los a voc\u00ea.<\/p>\r\n<p style=\"text-align: justify;\"><strong>USO DE COOKIES:<\/strong><\/p>\r\n<p style=\"text-align: justify;\">Este site usa cookies.<\/p>\r\n<p style=\"text-align: justify;\"><strong>PRIVACIDADE DE LISTAS DE ENDERE\u00c7OS ELETR\u00d4NICOS:<\/strong><\/p>\r\n<p style=\"text-align: justify;\">Techsgizmo.com mant\u00e9m uma lista de e-mail para manter os membros, clientes e clientes informados sobre as \u00faltimas not\u00edcias, not\u00edcias, concursos e todos os eventos. Indiv\u00edduos devem se inscrever afirmativamente para ingressar em nossas listas de mala direta, entrando em contato com a assinatura na se\u00e7\u00e3o de registro online em Techsgizmo.com. Ele n\u00e3o vai vender, emprestar, trocar ou alugar endere\u00e7os nas listas para ningu\u00e9m. Al\u00e9m disso, os assinantes podem cancelar a assinatura com a mesma facilidade com que entraram. O software do servidor n\u00e3o divulgar\u00e1 os endere\u00e7os de e-mail dos assinantes a ningu\u00e9m al\u00e9m dos membros autorizados da equipe Techsgizmo.com.<\/p>\r\n<p style=\"text-align: justify;\"><strong>INDENIZA\u00c7\u00c3O:<\/strong><\/p>\r\n<p style=\"text-align: justify;\">Voc\u00ea concorda em defender, indenizar e isentar de responsabilidade de e contra quaisquer reivindica\u00e7\u00f5es, danos, custos e despesas da Randall, incluindo honor\u00e1rios advocat\u00edcios, decorrentes ou relacionados ao uso do Site.<\/p>\r\n<p style=\"text-align: justify;\"><strong>AVISO IMPRECIS\u00c3O:<\/strong><\/p>\r\n<p style=\"text-align: justify;\">De vez em quando, pode haver informa\u00e7\u00f5es no Techsgizmo.com que contenham erros tipogr\u00e1ficos, imprecis\u00f5es ou omiss\u00f5es que podem estar relacionadas \u00e0s descri\u00e7\u00f5es, pre\u00e7os e disponibilidade dos produtos. Reserva-se o direito de corrigir erros, imprecis\u00f5es ou omiss\u00f5es e de modificar ou atualizar as informa\u00e7\u00f5es a qualquer momento sem aviso pr\u00e9vio. Com anteced\u00eancia, Techsgizmo.com pede desculpas a voc\u00ea por qualquer inconveniente que isso possa causar. Se n\u00e3o ficar totalmente satisfeito com sua compra em Techsgizmo.com, voc\u00ea pode devolv\u00ea-lo com sua fatura pelo correio.<\/p>\r\n<p style=\"text-align: justify;\">Para qualquer outra informa\u00e7\u00e3o, voc\u00ea pode nos <strong><a href=\"https:\/\/techsgizmo.com\/contact-us\">contatar<\/a><\/strong><\/p>\r\n","protected":false},"excerpt":{"rendered":"<p>POL\u00cdTICA DE PRIVACIDADE : Sua privacidade \u00e9 respeitada, todas as informa\u00e7\u00f5es coletadas neste site ser\u00e3o mantidas estritamente confidenciais e n\u00e3o ser\u00e3o vendidas, reutilizadas, alugadas, emprestadas ou divulgadas de outra forma &hellip; <\/p>\n","protected":false},"author":4,"featured_media":0,"parent":0,"menu_order":0,"comment_status":"closed","ping_status":"open","template":"","meta":{"footnotes":""},"class_list":["post-2","page","type-page","status-publish","hentry"],"_links":{"self":[{"href":"https:\/\/techsgizmo.com\/pt\/wp-json\/wp\/v2\/pages\/2","targetHints":{"allow":["GET"]}}],"collection":[{"href":"https:\/\/techsgizmo.com\/pt\/wp-json\/wp\/v2\/pages"}],"about":[{"href":"https:\/\/techsgizmo.com\/pt\/wp-json\/wp\/v2\/types\/page"}],"author":[{"embeddable":true,"href":"https:\/\/techsgizmo.com\/pt\/wp-json\/wp\/v2\/users\/4"}],"replies":[{"embeddable":true,"href":"https:\/\/techsgizmo.com\/pt\/wp-json\/wp\/v2\/comments?post=2"}],"version-history":[{"count":0,"href":"https:\/\/techsgizmo.com\/pt\/wp-json\/wp\/v2\/pages\/2\/revisions"}],"wp:attachment":[{"href":"https:\/\/techsgizmo.com\/pt\/wp-json\/wp\/v2\/media?parent=2"}],"curies":[{"name":"wp","href":"https:\/\/api.w.org\/{rel}","templated":true}]}}