{"id":1139,"date":"2022-01-15T07:38:20","date_gmt":"2022-01-15T07:38:20","guid":{"rendered":"https:\/\/techsgizmo.com\/pt\/?page_id=1139"},"modified":"2022-01-15T07:38:20","modified_gmt":"2022-01-15T07:38:20","slug":"contato-nos","status":"publish","type":"page","link":"https:\/\/techsgizmo.com\/pt\/contato-nos","title":{"rendered":"Contato N\u00f3s"},"content":{"rendered":"<p><img loading=\"lazy\" decoding=\"async\" class=\"aligncenter wp-image-2873\" src=\"https:\/\/techsgizmo.com\/wp-content\/uploads\/2022\/01\/contact-image.png\" alt=\"\" width=\"587\" height=\"241\" \/><\/p>\n<p style=\"text-align: justify;\">Voc\u00ea pode fazer suas perguntas sobre problemas associados ao Windows, Mac, Android e outros. Se voc\u00ea tiver alguma d\u00favida ou quiser revisar seus produtos em nossa plataforma, entre em contato facilmente por e-mail em <span style=\"color: #ff9900;\"><strong><a style=\"color: #ff9900;\" href=\"mailto:greatideaweb@gmail.com\">greatideaweb@gmail.com<\/a><\/strong><\/span>. Voc\u00ea tamb\u00e9m pode enviar mensagens diretas em nossa p\u00e1gina do Facebook: <span style=\"color: #ff9900;\"><strong><a style=\"color: #ff9900;\" href=\"https:\/\/www.facebook.com\/Techs-Gizmo-108320594858617\">https:\/\/www.facebook.com\/Techs-Gizmo-108320594858617<\/a><\/strong><\/span>.<\/p>\n","protected":false},"excerpt":{"rendered":"<p>Voc\u00ea pode fazer suas perguntas sobre problemas associados ao Windows, Mac, Android e outros. Se voc\u00ea tiver alguma d\u00favida ou quiser revisar seus produtos em nossa plataforma, entre em contato &hellip; <\/p>\n","protected":false},"author":4,"featured_media":0,"parent":0,"menu_order":0,"comment_status":"closed","ping_status":"closed","template":"","meta":{"footnotes":""},"class_list":["post-1139","page","type-page","status-publish","hentry"],"_links":{"self":[{"href":"https:\/\/techsgizmo.com\/pt\/wp-json\/wp\/v2\/pages\/1139","targetHints":{"allow":["GET"]}}],"collection":[{"href":"https:\/\/techsgizmo.com\/pt\/wp-json\/wp\/v2\/pages"}],"about":[{"href":"https:\/\/techsgizmo.com\/pt\/wp-json\/wp\/v2\/types\/page"}],"author":[{"embeddable":true,"href":"https:\/\/techsgizmo.com\/pt\/wp-json\/wp\/v2\/users\/4"}],"replies":[{"embeddable":true,"href":"https:\/\/techsgizmo.com\/pt\/wp-json\/wp\/v2\/comments?post=1139"}],"version-history":[{"count":0,"href":"https:\/\/techsgizmo.com\/pt\/wp-json\/wp\/v2\/pages\/1139\/revisions"}],"wp:attachment":[{"href":"https:\/\/techsgizmo.com\/pt\/wp-json\/wp\/v2\/media?parent=1139"}],"curies":[{"name":"wp","href":"https:\/\/api.w.org\/{rel}","templated":true}]}}