{"id":2,"date":"2021-07-08T09:33:31","date_gmt":"2021-07-08T09:33:31","guid":{"rendered":"https:\/\/techsgizmo.com\/it\/?page_id=2"},"modified":"2021-07-10T10:27:13","modified_gmt":"2021-07-10T10:27:13","slug":"privacy","status":"publish","type":"page","link":"https:\/\/techsgizmo.com\/it\/privacy","title":{"rendered":"Privacy"},"content":{"rendered":"\r\n<p style=\"text-align: justify;\"><strong>POLITICA SULLA RISERVATEZZA :<\/strong><\/p>\r\n<p style=\"text-align: justify;\">La tua privacy \u00e8 rispettata, tutte le informazioni raccolte su questo sito saranno mantenute strettamente confidenziali e non saranno vendute, riutilizzate, affittate, prestate o altrimenti divulgate senza il tuo consenso. Qualsiasi informazione fornita a Techsgizmo.com avverr\u00e0 con la massima cura. Di seguito \u00e8 descritta una spiegazione di come vengono protette le tue informazioni personali.<\/p>\r\n<p style=\"text-align: justify;\"><strong>GENERALE:<\/strong><\/p>\r\n<p style=\"text-align: justify;\">Potremmo modificare periodicamente i termini che regolano l&#8217;utilizzo del sito. L&#8217;utilizzo di questo sito dopo tale modifica costituisce il consenso a seguire e ad essere vincolato dai termini, come modificati. Potremmo modificare, spostare o eliminare periodicamente parti o aggiunte al contratto.<\/p>\r\n<p style=\"text-align: justify;\"><strong>RIVENDITA O COMUNICAZIONE DI INFORMAZIONI A TERZI:<\/strong><\/p>\r\n<p style=\"text-align: justify;\">Techsgizmo.com non vender\u00e0, prester\u00e0, scambier\u00e0 o affitter\u00e0 alcuna informazione personale raccolta su questo sito, inclusi elenchi di e-mail, dettagli di pagamento o altra documentazione.<\/p>\r\n<p style=\"text-align: justify;\"><strong>INFORMAZIONI DEL BROWSER RACCOLTE SUL SITO WEB:<\/strong><\/p>\r\n<p style=\"text-align: justify;\">Il sito web del giornale viene analizzato per migliorare le informazioni e i contenuti disponibili sul sito web. Il tuo tempo leggendo attentamente questo sito Web non \u00e8 identificabile attraverso alcun registro del sito Web, non verr\u00e0 effettuato alcun tentativo di collegarli a te.<\/p>\r\n<p style=\"text-align: justify;\"><strong>UTILIZZO DEI COOKIE:<\/strong><\/p>\r\n<p style=\"text-align: justify;\">Questo sito utilizza i cookie.<\/p>\r\n<p style=\"text-align: justify;\"><strong>PRIVACY DEGLI ELENCHI DI INDIRIZZI ELETTRONICI:<\/strong><\/p>\r\n<p style=\"text-align: justify;\">Techsgizmo.com mantiene un elenco di e-mail per mantenere membri, clienti e clienti informati sulle ultime notizie, notizie, concorsi e tutti gli eventi. Gli individui dovrebbero fare domanda in senso affermativo per iscriversi alle nostre mailing list contattando la firma nella sezione di registrazione online su Techsgizmo.com. Non vender\u00e0, prester\u00e0, scambier\u00e0 o affitter\u00e0 indirizzi su elenchi a nessuno. Inoltre, gli abbonati possono annullare l&#8217;iscrizione con la stessa facilit\u00e0 con cui si sono iscritti. Il software del server non divulgher\u00e0 gli indirizzi e-mail degli abbonati a nessuno che non sia il personale autorizzato di Techsgizmo.com.<\/p>\r\n<p style=\"text-align: justify;\"><strong>INDENNIZZO:<\/strong><\/p>\r\n<p style=\"text-align: justify;\">Accetti di difendere, indennizzare e tenere indenne da e contro qualsiasi rivendicazione, danno, costo e spesa di Randall, comprese le spese legali, derivanti da o relative al tuo utilizzo del Sito.<\/p>\r\n<p style=\"text-align: justify;\"><strong>AVVERTENZA IMPRECISIONE:<\/strong><\/p>\r\n<p style=\"text-align: justify;\">Di tanto in tanto potrebbero esserci informazioni su Techsgizmo.com che contengono errori tipografici, imprecisioni o omissioni che possono riguardare descrizioni, prezzi e disponibilit\u00e0 dei prodotti. Si riserva il diritto di correggere errori, inesattezze od omissioni e di modificare o aggiornare le informazioni in qualsiasi momento senza preavviso. In anticipo, Techsgizmo.com si scusa con te per qualsiasi inconveniente che ci\u00f2 potrebbe causare. Se non sei completamente soddisfatto del tuo acquisto su Techsgizmo.com puoi restituirlo con la fattura per posta.<\/p>\r\n<p style=\"text-align: justify;\">Per qualsiasi altra informazione, puoi <a href=\"https:\/\/techsgizmo.com\/contact-us\"><strong>contattarci<\/strong><\/a><\/p>\r\n","protected":false},"excerpt":{"rendered":"<p>POLITICA SULLA RISERVATEZZA : La tua privacy \u00e8 rispettata, tutte le informazioni raccolte su questo sito saranno mantenute strettamente confidenziali e non saranno vendute, riutilizzate, affittate, prestate o altrimenti divulgate &hellip; <\/p>\n","protected":false},"author":4,"featured_media":0,"parent":0,"menu_order":0,"comment_status":"closed","ping_status":"open","template":"","meta":{"footnotes":""},"class_list":["post-2","page","type-page","status-publish","hentry"],"_links":{"self":[{"href":"https:\/\/techsgizmo.com\/it\/wp-json\/wp\/v2\/pages\/2","targetHints":{"allow":["GET"]}}],"collection":[{"href":"https:\/\/techsgizmo.com\/it\/wp-json\/wp\/v2\/pages"}],"about":[{"href":"https:\/\/techsgizmo.com\/it\/wp-json\/wp\/v2\/types\/page"}],"author":[{"embeddable":true,"href":"https:\/\/techsgizmo.com\/it\/wp-json\/wp\/v2\/users\/4"}],"replies":[{"embeddable":true,"href":"https:\/\/techsgizmo.com\/it\/wp-json\/wp\/v2\/comments?post=2"}],"version-history":[{"count":0,"href":"https:\/\/techsgizmo.com\/it\/wp-json\/wp\/v2\/pages\/2\/revisions"}],"wp:attachment":[{"href":"https:\/\/techsgizmo.com\/it\/wp-json\/wp\/v2\/media?parent=2"}],"curies":[{"name":"wp","href":"https:\/\/api.w.org\/{rel}","templated":true}]}}