{"id":2,"date":"2021-07-08T06:36:49","date_gmt":"2021-07-08T06:36:49","guid":{"rendered":"https:\/\/techsgizmo.com\/fr\/?page_id=2"},"modified":"2021-07-10T10:27:07","modified_gmt":"2021-07-10T10:27:07","slug":"intimite","status":"publish","type":"page","link":"https:\/\/techsgizmo.com\/fr\/intimite","title":{"rendered":"Intimit\u00e9"},"content":{"rendered":"\r\n<p style=\"text-align: justify;\"><strong>POLITIQUE DE CONFIDENTIALIT\u00c9 :<\/strong><\/p>\r\n<p style=\"text-align: justify;\">Votre vie priv\u00e9e est respect\u00e9e, toutes les informations recueillies sur ce site resteront strictement confidentielles et ne seront pas vendues, r\u00e9utilis\u00e9es, lou\u00e9es, pr\u00eat\u00e9es ou autrement divulgu\u00e9es sans votre consentement. Toute information que vous fournissez \u00e0 Techsgizmo.com sera effectu\u00e9e avec le plus grand soin. Une explication de la fa\u00e7on dont vos informations personnelles sont prot\u00e9g\u00e9es est d\u00e9crite ci-dessous.<\/p>\r\n<p style=\"text-align: justify;\"><strong>G\u00c9N\u00c9RAL:<\/strong><\/p>\r\n<p style=\"text-align: justify;\">Nous pouvons modifier p\u00e9riodiquement les conditions qui r\u00e9gissent votre utilisation du site. Votre utilisation de ce site apr\u00e8s une telle modification constitue votre accord \u00e0 suivre et \u00e0 \u00eatre li\u00e9 par les termes, tels que modifi\u00e9s. Nous pouvons p\u00e9riodiquement modifier, d\u00e9placer ou supprimer des parties ou ajouter \u00e0 l&#8217;accord.<\/p>\r\n<p style=\"text-align: justify;\"><strong>REVENTE OU COMMUNICATION D&#8217;INFORMATIONS \u00c0 DES TIERS\u00a0:<\/strong><\/p>\r\n<p style=\"text-align: justify;\">Techsgizmo.com ne vendra, ne pr\u00eatera, n&#8217;\u00e9changera ni ne louera aucune information personnelle collect\u00e9e sur ce site, y compris les listes de diffusion, les d\u00e9tails de paiement ou toute autre documentation.<\/p>\r\n<p style=\"text-align: justify;\"><strong>INFORMATIONS NAVIGATEUR COLLECT\u00c9ES SUR LE SITE INTERNET :<\/strong><\/p>\r\n<p style=\"text-align: justify;\">Le site Web du journal est analys\u00e9 pour am\u00e9liorer les informations et le contenu disponibles sur le site Web. Votre temps en lisant attentivement ce site Web n&#8217;est pas identifiable via les journaux du site Web, aucune tentative ne sera faite pour les lier avec vous.<\/p>\r\n<p style=\"text-align: justify;\"><strong>UTILISATION DES COOKIES\u00a0:<\/strong><\/p>\r\n<p style=\"text-align: justify;\">Ce site utilise des cookies.<\/p>\r\n<p style=\"text-align: justify;\"><strong>CONFIDENTIALIT\u00c9 DES LISTES D&#8217;ADRESSES \u00c9LECTRONIQUES\u00a0:<\/strong><\/p>\r\n<p style=\"text-align: justify;\">Techsgizmo.com maintient une liste de diffusion pour tenir les membres, les clients et les clients inform\u00e9s des derni\u00e8res nouvelles, des actualit\u00e9s, des concours et de tous les \u00e9v\u00e9nements. Les individus doivent postuler par l&#8217;affirmative pour rejoindre nos listes de diffusion en contactant la signature dans la section d&#8217;inscription en ligne de Techsgizmo.com. Il ne vendra, ne pr\u00eatera, n&#8217;\u00e9changera ni ne louera d&#8217;adresses figurant sur des listes \u00e0 qui que ce soit. De plus, les abonn\u00e9s peuvent se d\u00e9sinscrire aussi facilement qu&#8217;ils se sont inscrits. Le logiciel serveur ne divulguera pas les adresses e-mail des abonn\u00e9s \u00e0 quiconque autre que les membres autoris\u00e9s du personnel de Techsgizmo.com.<\/p>\r\n<p style=\"text-align: justify;\"><strong>INDEMNIT\u00c9:<\/strong><\/p>\r\n<p style=\"text-align: justify;\">Vous acceptez de d\u00e9fendre, d&#8217;indemniser et d&#8217;exon\u00e9rer de toute responsabilit\u00e9 Randall contre toutes r\u00e9clamations, dommages, co\u00fbts et d\u00e9penses, y compris les honoraires d&#8217;avocat, d\u00e9coulant de ou li\u00e9s \u00e0 votre utilisation du Site.<\/p>\r\n<p style=\"text-align: justify;\"><strong>ATTENTION IMPR\u00c9CISION :<\/strong><\/p>\r\n<p style=\"text-align: justify;\">De temps en temps, il peut y avoir des informations sur Techsgizmo.com qui contiennent des erreurs typographiques, des inexactitudes ou des omissions qui peuvent concerner les descriptions de produits, les prix et la disponibilit\u00e9. Se r\u00e9serve le droit de corriger les erreurs, inexactitudes ou omissions et de modifier ou mettre \u00e0 jour les informations \u00e0 tout moment et sans pr\u00e9avis. Par avance, Techsgizmo.com s&#8217;excuse aupr\u00e8s de vous pour tout inconv\u00e9nient que cela pourrait causer. Si vous n&#8217;\u00eates pas enti\u00e8rement satisfait de votre achat sur Techsgizmo.com, vous pouvez le retourner avec votre facture par la poste.<\/p>\r\n<p style=\"text-align: justify;\">Pour toute autre information, vous pouvez nous <a href=\"https:\/\/techsgizmo.com\/contact-us\"><strong>contacter<\/strong><\/a><\/p>\r\n","protected":false},"excerpt":{"rendered":"<p>POLITIQUE DE CONFIDENTIALIT\u00c9 : Votre vie priv\u00e9e est respect\u00e9e, toutes les informations recueillies sur ce site resteront strictement confidentielles et ne seront pas vendues, r\u00e9utilis\u00e9es, lou\u00e9es, pr\u00eat\u00e9es ou autrement divulgu\u00e9es &hellip; <\/p>\n","protected":false},"author":4,"featured_media":0,"parent":0,"menu_order":0,"comment_status":"closed","ping_status":"open","template":"","meta":{"footnotes":""},"class_list":["post-2","page","type-page","status-publish","hentry"],"_links":{"self":[{"href":"https:\/\/techsgizmo.com\/fr\/wp-json\/wp\/v2\/pages\/2","targetHints":{"allow":["GET"]}}],"collection":[{"href":"https:\/\/techsgizmo.com\/fr\/wp-json\/wp\/v2\/pages"}],"about":[{"href":"https:\/\/techsgizmo.com\/fr\/wp-json\/wp\/v2\/types\/page"}],"author":[{"embeddable":true,"href":"https:\/\/techsgizmo.com\/fr\/wp-json\/wp\/v2\/users\/4"}],"replies":[{"embeddable":true,"href":"https:\/\/techsgizmo.com\/fr\/wp-json\/wp\/v2\/comments?post=2"}],"version-history":[{"count":0,"href":"https:\/\/techsgizmo.com\/fr\/wp-json\/wp\/v2\/pages\/2\/revisions"}],"wp:attachment":[{"href":"https:\/\/techsgizmo.com\/fr\/wp-json\/wp\/v2\/media?parent=2"}],"curies":[{"name":"wp","href":"https:\/\/api.w.org\/{rel}","templated":true}]}}