{"id":1144,"date":"2022-01-15T07:00:54","date_gmt":"2022-01-15T07:00:54","guid":{"rendered":"https:\/\/techsgizmo.com\/fr\/?page_id=1144"},"modified":"2022-01-15T07:00:54","modified_gmt":"2022-01-15T07:00:54","slug":"nous-contacter","status":"publish","type":"page","link":"https:\/\/techsgizmo.com\/fr\/nous-contacter","title":{"rendered":"Nous contacter"},"content":{"rendered":"<p><img decoding=\"async\" src=\"https:\/\/techsgizmo.com\/wp-content\/uploads\/2022\/01\/contact-image.png\" \/><\/p>\n<p style=\"text-align: justify;\">Vous pouvez poser vos questions sur les probl\u00e8mes associ\u00e9s \u00e0 Windows, Mac, Android et autres. Si vous avez des questions ou souhaitez revoir vos produits sur notre plateforme, vous pouvez facilement contacter par e-mail \u00e0 <strong><span style=\"color: #ff9900;\"><a style=\"color: #ff9900;\" href=\"mailto:greatideaweb@gmail.com\">greatideaweb@gmail.com<\/a><\/span><\/strong>. Vous pouvez \u00e9galement envoyer des messages directs sur notre page Facebook : <strong><span style=\"color: #ff9900;\"><a style=\"color: #ff9900;\" href=\"https:\/\/www.facebook.com\/Techs-Gizmo-108320594858617\">https:\/\/www.facebook.com\/Techs-Gizmo-108320594858617<\/a><\/span><\/strong>.<\/p>\n","protected":false},"excerpt":{"rendered":"<p>Vous pouvez poser vos questions sur les probl\u00e8mes associ\u00e9s \u00e0 Windows, Mac, Android et autres. Si vous avez des questions ou souhaitez revoir vos produits sur notre plateforme, vous pouvez &hellip; <\/p>\n","protected":false},"author":4,"featured_media":0,"parent":0,"menu_order":0,"comment_status":"closed","ping_status":"closed","template":"","meta":{"footnotes":""},"class_list":["post-1144","page","type-page","status-publish","hentry"],"_links":{"self":[{"href":"https:\/\/techsgizmo.com\/fr\/wp-json\/wp\/v2\/pages\/1144","targetHints":{"allow":["GET"]}}],"collection":[{"href":"https:\/\/techsgizmo.com\/fr\/wp-json\/wp\/v2\/pages"}],"about":[{"href":"https:\/\/techsgizmo.com\/fr\/wp-json\/wp\/v2\/types\/page"}],"author":[{"embeddable":true,"href":"https:\/\/techsgizmo.com\/fr\/wp-json\/wp\/v2\/users\/4"}],"replies":[{"embeddable":true,"href":"https:\/\/techsgizmo.com\/fr\/wp-json\/wp\/v2\/comments?post=1144"}],"version-history":[{"count":0,"href":"https:\/\/techsgizmo.com\/fr\/wp-json\/wp\/v2\/pages\/1144\/revisions"}],"wp:attachment":[{"href":"https:\/\/techsgizmo.com\/fr\/wp-json\/wp\/v2\/media?parent=1144"}],"curies":[{"name":"wp","href":"https:\/\/api.w.org\/{rel}","templated":true}]}}