{"id":2,"date":"2021-07-08T09:34:00","date_gmt":"2021-07-08T09:34:00","guid":{"rendered":"https:\/\/techsgizmo.com\/es\/?page_id=2"},"modified":"2021-07-10T10:27:16","modified_gmt":"2021-07-10T10:27:16","slug":"intimidad","status":"publish","type":"page","link":"https:\/\/techsgizmo.com\/es\/intimidad","title":{"rendered":"Intimidad"},"content":{"rendered":"\r\n<p style=\"text-align: justify;\"><strong>POL\u00cdTICA DE PRIVACIDAD :<\/strong><\/p>\r\n<p style=\"text-align: justify;\">Se respeta su privacidad, toda la informaci\u00f3n recopilada en este sitio se mantendr\u00e1 estrictamente confidencial y no se vender\u00e1, reutilizar\u00e1, alquilar\u00e1, prestar\u00e1 o divulgar\u00e1 de otro modo sin su consentimiento. Cualquier informaci\u00f3n que proporcione a Techsgizmo.com se llevar\u00e1 a cabo con el mayor cuidado. A continuaci\u00f3n se describe una explicaci\u00f3n de c\u00f3mo se protege su informaci\u00f3n personal.<\/p>\r\n<p style=\"text-align: justify;\"><strong>GENERAL:<\/strong><\/p>\r\n<p style=\"text-align: justify;\">Podemos cambiar los t\u00e9rminos que rigen su uso del sitio peri\u00f3dicamente. Su uso de este sitio despu\u00e9s de dicha modificaci\u00f3n constituye su acuerdo de seguir y estar sujeto a los t\u00e9rminos, en su forma enmendada. Peri\u00f3dicamente podemos modificar, mover o eliminar partes del acuerdo o agregarlo.<\/p>\r\n<p style=\"text-align: justify;\"><strong>REVENTA O REPORTE DE INFORMACI\u00d3N A TERCEROS:<\/strong><\/p>\r\n<p style=\"text-align: justify;\">Techsgizmo.com no vender\u00e1, prestar\u00e1, intercambiar\u00e1 ni alquilar\u00e1 ninguna informaci\u00f3n personal recopilada en este sitio, incluidas listas de correo electr\u00f3nico, detalles de pago u otra documentaci\u00f3n.<\/p>\r\n<p style=\"text-align: justify;\"><strong>INFORMACI\u00d3N DEL NAVEGADOR RECOPILADA EN EL SITIO WEB:<\/strong><\/p>\r\n<p style=\"text-align: justify;\">El sitio web del peri\u00f3dico se analiza para mejorar la informaci\u00f3n y el contenido disponible en el sitio web. Su tiempo al leer este sitio web detenidamente no es identificable a trav\u00e9s de los registros del sitio web, no se har\u00e1 ning\u00fan intento de vincularlos con usted.<\/p>\r\n<p style=\"text-align: justify;\"><strong>USO DE COOKIES:<\/strong><\/p>\r\n<p style=\"text-align: justify;\">Este sitio utiliza cookies.<\/p>\r\n<p style=\"text-align: justify;\"><strong>PRIVACIDAD DE LISTAS DE DIRECCIONES ELECTR\u00d3NICAS:<\/strong><\/p>\r\n<p style=\"text-align: justify;\">Techsgizmo.com mantiene una lista de correo electr\u00f3nico para mantener a los miembros, clientes y clientes informados sobre las \u00faltimas noticias, noticias, concursos y todos los eventos. Las personas deben presentar una solicitud afirmativa para unirse a nuestras listas de correo poni\u00e9ndose en contacto con la firma en la secci\u00f3n de registro en l\u00ednea en Techsgizmo.com. No vender\u00e1, prestar\u00e1, intercambiar\u00e1 ni alquilar\u00e1 las direcciones de las listas a nadie. Adem\u00e1s, los suscriptores pueden darse de baja tan f\u00e1cilmente como se unieron. El software del servidor no revelar\u00e1 las direcciones de correo electr\u00f3nico de los suscriptores a nadie m\u00e1s que al personal autorizado de Techsgizmo.com.<\/p>\r\n<p style=\"text-align: justify;\"><strong>INDEMNIZACI\u00d3N:<\/strong><\/p>\r\n<p style=\"text-align: justify;\">Usted acepta defender, indemnizar y eximir de responsabilidad y contra cualquier reclamo, da\u00f1os, costos y gastos de Randall, incluidos los honorarios de abogados, que surjan de o est\u00e9n relacionados con su uso del Sitio.<\/p>\r\n<p style=\"text-align: justify;\"><strong>IMPRECISI\u00d3N DE ADVERTENCIA:<\/strong><\/p>\r\n<p style=\"text-align: justify;\">De vez en cuando, puede haber informaci\u00f3n en Techsgizmo.com que contenga errores tipogr\u00e1ficos, inexactitudes u omisiones que puedan estar relacionadas con descripciones de productos, precios y disponibilidad. Se reserva el derecho de corregir errores, inexactitudes u omisiones y de modificar o actualizar la informaci\u00f3n en cualquier momento sin previo aviso. De antemano, Techsgizmo.com se disculpa por cualquier inconveniente que esto pueda causar. Si no est\u00e1 completamente satisfecho con su compra en Techsgizmo.com, puede devolverla con su factura por correo.<\/p>\r\n<p style=\"text-align: justify;\">Para cualquier otra informaci\u00f3n, puede <a href=\"https:\/\/techsgizmo.com\/contact-us\"><strong>contactarnos<\/strong><\/a><\/p>\r\n","protected":false},"excerpt":{"rendered":"<p>POL\u00cdTICA DE PRIVACIDAD : Se respeta su privacidad, toda la informaci\u00f3n recopilada en este sitio se mantendr\u00e1 estrictamente confidencial y no se vender\u00e1, reutilizar\u00e1, alquilar\u00e1, prestar\u00e1 o divulgar\u00e1 de otro &hellip; <\/p>\n","protected":false},"author":4,"featured_media":0,"parent":0,"menu_order":0,"comment_status":"closed","ping_status":"open","template":"","meta":{"footnotes":""},"class_list":["post-2","page","type-page","status-publish","hentry"],"_links":{"self":[{"href":"https:\/\/techsgizmo.com\/es\/wp-json\/wp\/v2\/pages\/2","targetHints":{"allow":["GET"]}}],"collection":[{"href":"https:\/\/techsgizmo.com\/es\/wp-json\/wp\/v2\/pages"}],"about":[{"href":"https:\/\/techsgizmo.com\/es\/wp-json\/wp\/v2\/types\/page"}],"author":[{"embeddable":true,"href":"https:\/\/techsgizmo.com\/es\/wp-json\/wp\/v2\/users\/4"}],"replies":[{"embeddable":true,"href":"https:\/\/techsgizmo.com\/es\/wp-json\/wp\/v2\/comments?post=2"}],"version-history":[{"count":0,"href":"https:\/\/techsgizmo.com\/es\/wp-json\/wp\/v2\/pages\/2\/revisions"}],"wp:attachment":[{"href":"https:\/\/techsgizmo.com\/es\/wp-json\/wp\/v2\/media?parent=2"}],"curies":[{"name":"wp","href":"https:\/\/api.w.org\/{rel}","templated":true}]}}