{"id":2,"date":"2021-07-08T07:02:30","date_gmt":"2021-07-08T07:02:30","guid":{"rendered":"https:\/\/techsgizmo.com\/de\/?page_id=2"},"modified":"2021-07-10T10:27:11","modified_gmt":"2021-07-10T10:27:11","slug":"privatsphare","status":"publish","type":"page","link":"https:\/\/techsgizmo.com\/de\/privatsphare","title":{"rendered":"Privatsph\u00e4re"},"content":{"rendered":"\r\n<p style=\"text-align: justify;\"><strong>DATENSCHUTZ-BESTIMMUNGEN :<\/strong><\/p>\r\n<p style=\"text-align: justify;\">Ihre Privatsph\u00e4re wird respektiert, alle auf dieser Website gesammelten Informationen werden streng vertraulich behandelt und ohne Ihre Zustimmung nicht verkauft, wiederverwendet, vermietet, verliehen oder anderweitig weitergegeben. Alle Informationen, die Sie Techsgizmo.com zur Verf\u00fcgung stellen, werden mit gr\u00f6\u00dfter Sorgfalt vorgenommen. Nachfolgend wird erl\u00e4utert, wie Ihre personenbezogenen Daten gesch\u00fctzt werden.<\/p>\r\n<p style=\"text-align: justify;\"><strong>ALLGEMEINES:<\/strong><\/p>\r\n<p style=\"text-align: justify;\">Wir k\u00f6nnen die Bedingungen, die Ihre Nutzung der Website regeln, regelm\u00e4\u00dfig \u00e4ndern. Ihre Nutzung dieser Site nach einer solchen \u00c4nderung stellt Ihr Einverst\u00e4ndnis dar, die ge\u00e4nderten Bedingungen zu befolgen und an sie gebunden zu sein. Wir k\u00f6nnen in regelm\u00e4\u00dfigen Abst\u00e4nden Teile der Vereinbarung \u00e4ndern, verschieben oder l\u00f6schen oder sie erg\u00e4nzen.<\/p>\r\n<p style=\"text-align: justify;\"><strong>WEITERVERKAUF ODER MITTEILUNG VON INFORMATIONEN AN DRITTE:<\/strong><\/p>\r\n<p style=\"text-align: justify;\">Techsgizmo.com wird keine auf dieser Website gesammelten personenbezogenen Daten verkaufen, verleihen, handeln oder vermieten, einschlie\u00dflich E-Mail-Listen, Zahlungsdetails oder anderer Dokumentation.<\/p>\r\n<p style=\"text-align: justify;\"><strong>AUF DER WEBSITE GESAMMELTE BROWSER-INFORMATIONEN:<\/strong><\/p>\r\n<p style=\"text-align: justify;\">Die Website der Zeitung wird analysiert, um die auf der Website verf\u00fcgbaren Informationen und Inhalte zu verbessern. Ihre Zeit durch sorgf\u00e4ltiges Lesen dieser Website ist nicht durch Website-Protokolle identifizierbar, es wird kein Versuch unternommen, diese mit Ihnen zu verkn\u00fcpfen.<\/p>\r\n<p style=\"text-align: justify;\"><strong>VERWENDUNG VON COOKIES:<\/strong><\/p>\r\n<p style=\"text-align: justify;\">Diese Seite verwendet Cookies.<\/p>\r\n<p style=\"text-align: justify;\"><strong>DATENSCHUTZ DER LISTE ELEKTRONISCHER ADRESSEN:<\/strong><\/p>\r\n<p style=\"text-align: justify;\">Techsgizmo.com unterh\u00e4lt eine E-Mail-Liste, um Mitglieder, Kunden und Kunden \u00fcber aktuelle Nachrichten, Neuigkeiten, Wettbewerbe und alle Veranstaltungen auf dem Laufenden zu halten. Einzelpersonen sollten sich bejahend f\u00fcr die Aufnahme in unsere Mailinglisten bewerben, indem sie die Signatur im Online-Registrierungsbereich auf Techsgizmo.com kontaktieren. Er wird Adressen auf Listen an niemanden verkaufen, verleihen, tauschen oder vermieten. Dar\u00fcber hinaus k\u00f6nnen sich Abonnenten genauso einfach abmelden, wie sie beigetreten sind. Die Serversoftware gibt die E-Mail-Adressen der Abonnenten nur an die autorisierten Mitarbeiter von Techsgizmo.com weiter.<\/p>\r\n<p style=\"text-align: justify;\"><strong>ENTSCH\u00c4DIGUNG:<\/strong><\/p>\r\n<p style=\"text-align: justify;\">Sie erkl\u00e4ren sich damit einverstanden, alle Anspr\u00fcche, Sch\u00e4den, Kosten und Ausgaben von Randall, einschlie\u00dflich Anwaltskosten, die sich aus oder im Zusammenhang mit Ihrer Nutzung der Website ergeben, zu verteidigen, zu entsch\u00e4digen und schadlos zu halten.<\/p>\r\n<p style=\"text-align: justify;\"><strong>WARNUNG UNPR\u00c4ZISION:<\/strong><\/p>\r\n<p style=\"text-align: justify;\">Von Zeit zu Zeit k\u00f6nnen Informationen auf Techsgizmo.com enthalten sein, die typografische Fehler, Ungenauigkeiten oder Auslassungen enthalten, die sich auf Produktbeschreibungen, Preise und Verf\u00fcgbarkeit beziehen k\u00f6nnen. beh\u00e4lt sich das Recht vor, Fehler, Ungenauigkeiten oder Auslassungen zu korrigieren und die Informationen jederzeit ohne vorherige Ank\u00fcndigung zu \u00e4ndern oder zu aktualisieren. Im Voraus entschuldigt sich Techsgizmo.com f\u00fcr eventuelle Unannehmlichkeiten. Wenn Sie mit Ihrem Einkauf bei Techsgizmo.com nicht ganz zufrieden sind, k\u00f6nnen Sie ihn mit Ihrer Rechnung per Post zur\u00fccksenden.<\/p>\r\n<p style=\"text-align: justify;\">F\u00fcr weitere Informationen k\u00f6nnen Sie uns <a href=\"https:\/\/techsgizmo.com\/contact-us\"><strong>kontaktieren<\/strong><\/a><\/p>\r\n","protected":false},"excerpt":{"rendered":"<p>DATENSCHUTZ-BESTIMMUNGEN : Ihre Privatsph\u00e4re wird respektiert, alle auf dieser Website gesammelten Informationen werden streng vertraulich behandelt und ohne Ihre Zustimmung nicht verkauft, wiederverwendet, vermietet, verliehen oder anderweitig weitergegeben. Alle Informationen, &hellip; <\/p>\n","protected":false},"author":4,"featured_media":0,"parent":0,"menu_order":0,"comment_status":"closed","ping_status":"open","template":"","meta":{"footnotes":""},"class_list":["post-2","page","type-page","status-publish","hentry"],"_links":{"self":[{"href":"https:\/\/techsgizmo.com\/de\/wp-json\/wp\/v2\/pages\/2","targetHints":{"allow":["GET"]}}],"collection":[{"href":"https:\/\/techsgizmo.com\/de\/wp-json\/wp\/v2\/pages"}],"about":[{"href":"https:\/\/techsgizmo.com\/de\/wp-json\/wp\/v2\/types\/page"}],"author":[{"embeddable":true,"href":"https:\/\/techsgizmo.com\/de\/wp-json\/wp\/v2\/users\/4"}],"replies":[{"embeddable":true,"href":"https:\/\/techsgizmo.com\/de\/wp-json\/wp\/v2\/comments?post=2"}],"version-history":[{"count":0,"href":"https:\/\/techsgizmo.com\/de\/wp-json\/wp\/v2\/pages\/2\/revisions"}],"wp:attachment":[{"href":"https:\/\/techsgizmo.com\/de\/wp-json\/wp\/v2\/media?parent=2"}],"curies":[{"name":"wp","href":"https:\/\/api.w.org\/{rel}","templated":true}]}}