{"id":1145,"date":"2022-01-15T06:55:44","date_gmt":"2022-01-15T06:55:44","guid":{"rendered":"https:\/\/techsgizmo.com\/de\/?page_id=1145"},"modified":"2022-01-15T07:00:40","modified_gmt":"2022-01-15T07:00:40","slug":"kontaktiere-uns","status":"publish","type":"page","link":"https:\/\/techsgizmo.com\/de\/kontaktiere-uns","title":{"rendered":"Kontaktiere uns"},"content":{"rendered":"<p><img decoding=\"async\" src=\"https:\/\/techsgizmo.com\/wp-content\/uploads\/2022\/01\/contact-image.png\" \/><\/p>\n<p style=\"text-align: justify;\">Sie k\u00f6nnen Ihre Fragen zu Problemen im Zusammenhang mit Windows, Mac, Android und anderen stellen. Wenn Sie Fragen haben oder Ihre Produkte auf unserer Plattform \u00fcberpr\u00fcfen m\u00f6chten, k\u00f6nnen Sie uns einfach per E-Mail unter <strong><span style=\"color: #ff9900;\"><a style=\"color: #ff9900;\" href=\"mailto:greatideaweb@gmail.com\">greatideaweb@gmail.com<\/a><\/span><\/strong> kontaktieren. Sie k\u00f6nnen auch Direktnachrichten auf unserer Facebook-Seite senden: <strong><span style=\"color: #ff9900;\">https:\/\/www.facebook.com\/Techs-Gizmo-108320594858617<\/span><\/strong>.<\/p>\n","protected":false},"excerpt":{"rendered":"<p>Sie k\u00f6nnen Ihre Fragen zu Problemen im Zusammenhang mit Windows, Mac, Android und anderen stellen. Wenn Sie Fragen haben oder Ihre Produkte auf unserer Plattform \u00fcberpr\u00fcfen m\u00f6chten, k\u00f6nnen Sie uns &hellip; <\/p>\n","protected":false},"author":4,"featured_media":0,"parent":0,"menu_order":0,"comment_status":"closed","ping_status":"closed","template":"","meta":{"footnotes":""},"class_list":["post-1145","page","type-page","status-publish","hentry"],"_links":{"self":[{"href":"https:\/\/techsgizmo.com\/de\/wp-json\/wp\/v2\/pages\/1145","targetHints":{"allow":["GET"]}}],"collection":[{"href":"https:\/\/techsgizmo.com\/de\/wp-json\/wp\/v2\/pages"}],"about":[{"href":"https:\/\/techsgizmo.com\/de\/wp-json\/wp\/v2\/types\/page"}],"author":[{"embeddable":true,"href":"https:\/\/techsgizmo.com\/de\/wp-json\/wp\/v2\/users\/4"}],"replies":[{"embeddable":true,"href":"https:\/\/techsgizmo.com\/de\/wp-json\/wp\/v2\/comments?post=1145"}],"version-history":[{"count":0,"href":"https:\/\/techsgizmo.com\/de\/wp-json\/wp\/v2\/pages\/1145\/revisions"}],"wp:attachment":[{"href":"https:\/\/techsgizmo.com\/de\/wp-json\/wp\/v2\/media?parent=1145"}],"curies":[{"name":"wp","href":"https:\/\/api.w.org\/{rel}","templated":true}]}}